{"id":7611,"date":"2024-06-26T14:40:44","date_gmt":"2024-06-26T14:40:44","guid":{"rendered":"https:\/\/cahou.com\/seguridad-de-los-datos-y-descargo-de-responsabilidad\/"},"modified":"2025-04-29T15:35:44","modified_gmt":"2025-04-29T15:35:44","slug":"seguridad-de-los-datos-y-descargo-de-responsabilidad","status":"publish","type":"page","link":"https:\/\/cahou.com\/es\/seguridad-de-los-datos-y-descargo-de-responsabilidad\/","title":{"rendered":"Seguridad de los datos y descargo de responsabilidad"},"content":{"rendered":"\n<p>Utilizamos tecnolog\u00edas y procedimientos de seguridad de \u00faltima generaci\u00f3n para garantizar que los datos que recopilamos est\u00e1n protegidos contra el acceso, la divulgaci\u00f3n, la alteraci\u00f3n y la destrucci\u00f3n no autorizados. A pesar de nuestros esfuerzos por garantizar el mayor nivel de seguridad posible, hay que reconocer que ning\u00fan m\u00e9todo de transmisi\u00f3n por Internet o m\u00e9todo de almacenamiento electr\u00f3nico es completamente seguro. Aunque nos esforzamos por garantizar la protecci\u00f3n de tus datos personales, no podemos garantizar la seguridad absoluta de tus datos.<\/p>\n\n<h2 class=\"wp-block-heading\">Datos recogidos y su uso<\/h2>\n\n<p>Nuestra app puede recoger los siguientes datos personales:<\/p>\n\n<ul class=\"wp-block-list\">\n<li>Datos de salud (por ejemplo, datos de forma f\u00edsica y actividad),<\/li>\n\n\n\n<li>Informaci\u00f3n del dispositivo (por ejemplo, ID del dispositivo, versi\u00f3n del sistema operativo).<\/li>\n<\/ul>\n\n<p>Estos datos se utilizan exclusivamente para proporcionar, mejorar y asegurar nuestros servicios. Tus datos s\u00f3lo se transmitir\u00e1n a terceros con tu consentimiento expreso.<\/p>\n\n<h2 class=\"wp-block-heading\">Almacenamiento de los datos<\/h2>\n\n<p>S\u00f3lo almacenamos tus datos personales durante el tiempo que sea necesario para los fines para los que fueron recogidos o mientras existan periodos de conservaci\u00f3n legales. Tus datos se eliminar\u00e1n o se convertir\u00e1n en an\u00f3nimos.<\/p>\n\n<h2 class=\"wp-block-heading\">Eliminaci\u00f3n de los datos<\/h2>\n\n<p>Puedes solicitar la supresi\u00f3n de tus datos personales en cualquier momento. Ponte en contacto con nosotros utilizando los datos de contacto que figuran en la aplicaci\u00f3n o en nuestro sitio web. Tras recibir tu solicitud, eliminaremos tus datos en un plazo de 30 d\u00edas, siempre que no existan obligaciones legales de conservaci\u00f3n que establezcan lo contrario.<\/p>\n\n<h2 class=\"wp-block-heading\">Descargo de responsabilidad<\/h2>\n\n<p>Al utilizar nuestro servicio, reconoces que el suministro de tus datos personales es por tu cuenta y riesgo. No nos hacemos responsables de las circunstancias ajenas a nuestra voluntad que puedan provocar la p\u00e9rdida o el uso indebido de tus datos.<\/p>\n\n<p>Los usuarios que faciliten voluntariamente sus datos reconocen los riesgos mencionados y aceptan indemnizarnos y eximirnos de cualquier reclamaci\u00f3n o da\u00f1o que pueda derivarse del incumplimiento de esta declaraci\u00f3n.<\/p>\n\n<p>Animamos a todos los usuarios a tomar medidas de protecci\u00f3n adicionales, como utilizar contrase\u00f1as seguras y proteger sus dispositivos con las \u00faltimas actualizaciones de seguridad.<\/p>\n","protected":false},"excerpt":{"rendered":"<p>Utilizamos tecnolog\u00edas y procedimientos de seguridad de \u00faltima generaci\u00f3n para garantizar que los datos que recopilamos est\u00e1n protegidos contra el acceso, la divulgaci\u00f3n, la alteraci\u00f3n y la destrucci\u00f3n no autorizados. A pesar de nuestros esfuerzos por garantizar el mayor nivel de seguridad posible, hay que reconocer que ning\u00fan m\u00e9todo de transmisi\u00f3n por Internet o m\u00e9todo&#8230;<\/p>\n","protected":false},"author":1,"featured_media":0,"parent":0,"menu_order":0,"comment_status":"closed","ping_status":"closed","template":"","meta":{"_acf_changed":false,"_kad_post_transparent":"","_kad_post_title":"","_kad_post_layout":"narrow","_kad_post_sidebar_id":"","_kad_post_content_style":"","_kad_post_vertical_padding":"","_kad_post_feature":"","_kad_post_feature_position":"","_kad_post_header":false,"_kad_post_footer":false,"footnotes":""},"class_list":["post-7611","page","type-page","status-publish","hentry"],"acf":[],"_links":{"self":[{"href":"https:\/\/cahou.com\/es\/wp-json\/wp\/v2\/pages\/7611","targetHints":{"allow":["GET"]}}],"collection":[{"href":"https:\/\/cahou.com\/es\/wp-json\/wp\/v2\/pages"}],"about":[{"href":"https:\/\/cahou.com\/es\/wp-json\/wp\/v2\/types\/page"}],"author":[{"embeddable":true,"href":"https:\/\/cahou.com\/es\/wp-json\/wp\/v2\/users\/1"}],"replies":[{"embeddable":true,"href":"https:\/\/cahou.com\/es\/wp-json\/wp\/v2\/comments?post=7611"}],"version-history":[{"count":2,"href":"https:\/\/cahou.com\/es\/wp-json\/wp\/v2\/pages\/7611\/revisions"}],"predecessor-version":[{"id":7619,"href":"https:\/\/cahou.com\/es\/wp-json\/wp\/v2\/pages\/7611\/revisions\/7619"}],"wp:attachment":[{"href":"https:\/\/cahou.com\/es\/wp-json\/wp\/v2\/media?parent=7611"}],"curies":[{"name":"wp","href":"https:\/\/api.w.org\/{rel}","templated":true}]}}