{"id":7607,"date":"2024-06-26T14:40:44","date_gmt":"2024-06-26T14:40:44","guid":{"rendered":"https:\/\/cahou.com\/securite-des-donnees-et-clause-de-non-responsabilite\/"},"modified":"2025-04-29T15:35:18","modified_gmt":"2025-04-29T15:35:18","slug":"securite-des-donnees-et-clause-de-non-responsabilite","status":"publish","type":"page","link":"https:\/\/cahou.com\/fr\/securite-des-donnees-et-clause-de-non-responsabilite\/","title":{"rendered":"S\u00e9curit\u00e9 des donn\u00e9es et clause de non-responsabilit\u00e9"},"content":{"rendered":"\n<p>Nous utilisons des technologies et des proc\u00e9dures de s\u00e9curit\u00e9 de pointe pour nous assurer que les informations que nous collectons sont prot\u00e9g\u00e9es contre tout acc\u00e8s, divulgation, modification et destruction non autoris\u00e9s. Malgr\u00e9 nos efforts pour assurer une s\u00e9curit\u00e9 maximale, il convient de noter qu&#8217;aucune m\u00e9thode de transmission sur Internet ou de stockage \u00e9lectronique n&#8217;est totalement s\u00fbre. Bien que nous nous efforcions d&#8217;assurer la protection de vos donn\u00e9es personnelles, nous ne pouvons pas garantir la s\u00e9curit\u00e9 absolue de vos donn\u00e9es.<\/p>\n\n<h2 class=\"wp-block-heading\">Donn\u00e9es collect\u00e9es et leur utilisation<\/h2>\n\n<p>Notre application peut collecter les donn\u00e9es personnelles suivantes :<\/p>\n\n<ul class=\"wp-block-list\">\n<li>les donn\u00e9es de sant\u00e9 (par exemple, les donn\u00e9es relatives \u00e0 la condition physique et \u00e0 l&#8217;activit\u00e9),<\/li>\n\n\n\n<li>Informations sur le p\u00e9riph\u00e9rique (par exemple, ID du p\u00e9riph\u00e9rique, version du syst\u00e8me d&#8217;exploitation).<\/li>\n<\/ul>\n\n<p>Ces donn\u00e9es sont utilis\u00e9es uniquement pour fournir, am\u00e9liorer et s\u00e9curiser nos services. Une transmission \u00e0 des tiers n&#8217;a lieu qu&#8217;avec votre accord explicite.<\/p>\n\n<h2 class=\"wp-block-heading\">Conservation des donn\u00e9es<\/h2>\n\n<p>Nous ne conservons vos donn\u00e9es personnelles que pendant la dur\u00e9e n\u00e9cessaire aux fins pour lesquelles elles ont \u00e9t\u00e9 collect\u00e9es ou pendant les d\u00e9lais de conservation l\u00e9gaux. Ensuite, vos donn\u00e9es seront supprim\u00e9es ou rendues anonymes.<\/p>\n\n<h2 class=\"wp-block-heading\">Suppression des donn\u00e9es<\/h2>\n\n<p>Vous pouvez \u00e0 tout moment demander la suppression de vos donn\u00e9es personnelles. Pour ce faire, contactez-nous via les coordonn\u00e9es indiqu\u00e9es dans l&#8217;application ou sur notre site web. Apr\u00e8s r\u00e9ception de votre demande, nous supprimons vos donn\u00e9es dans un d\u00e9lai de 30 jours, pour autant qu&#8217;aucune obligation l\u00e9gale de conservation ne s&#8217;y oppose.<\/p>\n\n<h2 class=\"wp-block-heading\">Clause de non-responsabilit\u00e9<\/h2>\n\n<p>En utilisant nos services, vous reconnaissez que la fourniture de vos donn\u00e9es personnelles se fait \u00e0 vos propres risques. Nous ne sommes pas responsables des circonstances ind\u00e9pendantes de notre volont\u00e9 qui pourraient entra\u00eener la perte ou l&#8217;utilisation abusive de vos donn\u00e9es.<\/p>\n\n<p>Les utilisateurs qui fournissent volontairement leurs donn\u00e9es reconnaissent les risques susmentionn\u00e9s et acceptent de nous indemniser et de nous d\u00e9gager de toute responsabilit\u00e9 en cas de r\u00e9clamation ou de dommage pouvant r\u00e9sulter d&#8217;une violation de la pr\u00e9sente d\u00e9claration.<\/p>\n\n<p>Nous encourageons tous les utilisateurs \u00e0 prendre des mesures de protection suppl\u00e9mentaires, telles que l&#8217;utilisation de mots de passe s\u00fbrs et la protection de leurs appareils par des mises \u00e0 jour de s\u00e9curit\u00e9 r\u00e9centes.<\/p>\n","protected":false},"excerpt":{"rendered":"<p>Nous utilisons des technologies et des proc\u00e9dures de s\u00e9curit\u00e9 de pointe pour nous assurer que les informations que nous collectons sont prot\u00e9g\u00e9es contre tout acc\u00e8s, divulgation, modification et destruction non autoris\u00e9s. Malgr\u00e9 nos efforts pour assurer une s\u00e9curit\u00e9 maximale, il convient de noter qu&#8217;aucune m\u00e9thode de transmission sur Internet ou de stockage \u00e9lectronique n&#8217;est totalement&#8230;<\/p>\n","protected":false},"author":1,"featured_media":0,"parent":0,"menu_order":0,"comment_status":"closed","ping_status":"closed","template":"","meta":{"_acf_changed":false,"_kad_post_transparent":"","_kad_post_title":"","_kad_post_layout":"narrow","_kad_post_sidebar_id":"","_kad_post_content_style":"","_kad_post_vertical_padding":"","_kad_post_feature":"","_kad_post_feature_position":"","_kad_post_header":false,"_kad_post_footer":false,"footnotes":""},"class_list":["post-7607","page","type-page","status-publish","hentry"],"acf":[],"_links":{"self":[{"href":"https:\/\/cahou.com\/fr\/wp-json\/wp\/v2\/pages\/7607","targetHints":{"allow":["GET"]}}],"collection":[{"href":"https:\/\/cahou.com\/fr\/wp-json\/wp\/v2\/pages"}],"about":[{"href":"https:\/\/cahou.com\/fr\/wp-json\/wp\/v2\/types\/page"}],"author":[{"embeddable":true,"href":"https:\/\/cahou.com\/fr\/wp-json\/wp\/v2\/users\/1"}],"replies":[{"embeddable":true,"href":"https:\/\/cahou.com\/fr\/wp-json\/wp\/v2\/comments?post=7607"}],"version-history":[{"count":2,"href":"https:\/\/cahou.com\/fr\/wp-json\/wp\/v2\/pages\/7607\/revisions"}],"predecessor-version":[{"id":7617,"href":"https:\/\/cahou.com\/fr\/wp-json\/wp\/v2\/pages\/7607\/revisions\/7617"}],"wp:attachment":[{"href":"https:\/\/cahou.com\/fr\/wp-json\/wp\/v2\/media?parent=7607"}],"curies":[{"name":"wp","href":"https:\/\/api.w.org\/{rel}","templated":true}]}}