{"id":7605,"date":"2024-06-26T14:40:44","date_gmt":"2024-06-26T14:40:44","guid":{"rendered":"https:\/\/cahou.com\/bezpieczenstwo-danych-i-wylaczenie-odpowiedzialnosci\/"},"modified":"2025-04-29T15:34:24","modified_gmt":"2025-04-29T15:34:24","slug":"bezpieczenstwo-danych-i-wylaczenie-odpowiedzialnosci","status":"publish","type":"page","link":"https:\/\/cahou.com\/pl\/bezpieczenstwo-danych-i-wylaczenie-odpowiedzialnosci\/","title":{"rendered":"Bezpiecze\u0144stwo danych i wy\u0142\u0105czenie odpowiedzialno\u015bci"},"content":{"rendered":"\n<p>Korzystamy z najnowocze\u015bniejszych technologii i procedur bezpiecze\u0144stwa, aby zapewni\u0107, \u017ce gromadzone przez nas dane s\u0105 chronione przed nieuprawnionym dost\u0119pem, ujawnieniem, zmian\u0105 i zniszczeniem. Chocia\u017c dok\u0142adamy wszelkich stara\u0144, aby utrzyma\u0107 najwy\u017cszy poziom bezpiecze\u0144stwa, nale\u017cy pami\u0119ta\u0107, \u017ce \u017cadna metoda transmisji przez Internet ani metoda elektronicznego przechowywania danych nie jest ca\u0142kowicie bezpieczna. Chocia\u017c dok\u0142adamy wszelkich stara\u0144, aby zapewni\u0107 ochron\u0119 danych osobowych u\u017cytkownik\u00f3w, nie mo\u017cemy zagwarantowa\u0107 ich ca\u0142kowitego bezpiecze\u0144stwa.  <\/p>\n\n<h2 class=\"wp-block-heading\">Zebrane dane i ich wykorzystanie<\/h2>\n\n<p>Nasza aplikacja mo\u017ce gromadzi\u0107 nast\u0119puj\u0105ce dane osobowe:<\/p>\n\n<ul class=\"wp-block-list\">\n<li>Dane dotycz\u0105ce zdrowia (np. dane dotycz\u0105ce kondycji i aktywno\u015bci),<\/li>\n\n\n\n<li>Informacje o urz\u0105dzeniu (np. identyfikator urz\u0105dzenia, wersja systemu operacyjnego).<\/li>\n<\/ul>\n\n<p>Dane te s\u0105 wykorzystywane wy\u0142\u0105cznie w celu \u015bwiadczenia, ulepszania i zabezpieczania naszych us\u0142ug. B\u0119d\u0105 one przekazywane stronom trzecim wy\u0142\u0105cznie za wyra\u017an\u0105 zgod\u0105 u\u017cytkownika. <\/p>\n\n<h2 class=\"wp-block-heading\">Przechowywanie danych<\/h2>\n\n<p>Przechowujemy dane osobowe u\u017cytkownika tylko tak d\u0142ugo, jak jest to konieczne do cel\u00f3w, dla kt\u00f3rych zosta\u0142y zebrane lub tak d\u0142ugo, jak istniej\u0105 ustawowe okresy przechowywania. Nast\u0119pnie dane u\u017cytkownika zostan\u0105 usuni\u0119te lub zanonimizowane. <\/p>\n\n<h2 class=\"wp-block-heading\">Usuwanie danych<\/h2>\n\n<p>U\u017cytkownik mo\u017ce w dowolnym momencie za\u017c\u0105da\u0107 usuni\u0119cia swoich danych osobowych. W tym celu nale\u017cy skontaktowa\u0107 si\u0119 z nami, korzystaj\u0105c z danych kontaktowych podanych w aplikacji lub na naszej stronie internetowej. Po otrzymaniu \u017c\u0105dania u\u017cytkownika usuniemy jego dane w ci\u0105gu 30 dni, pod warunkiem, \u017ce nie istniej\u0105 ustawowe obowi\u0105zki przechowywania danych.  <\/p>\n\n<h2 class=\"wp-block-heading\">Zastrze\u017cenie<\/h2>\n\n<p>Korzystaj\u0105c z naszej us\u0142ugi, u\u017cytkownik przyjmuje do wiadomo\u015bci, \u017ce udost\u0119pnia swoje dane osobowe na w\u0142asne ryzyko. Nie ponosimy odpowiedzialno\u015bci za okoliczno\u015bci pozostaj\u0105ce poza nasz\u0105 kontrol\u0105, kt\u00f3re mog\u0105 prowadzi\u0107 do utraty lub niew\u0142a\u015bciwego wykorzystania danych u\u017cytkownika. <\/p>\n\n<p>U\u017cytkownicy, kt\u00f3rzy dobrowolnie podaj\u0105 swoje dane, przyjmuj\u0105 do wiadomo\u015bci powy\u017csze ryzyko i zgadzaj\u0105 si\u0119 zabezpieczy\u0107 nas przed wszelkimi roszczeniami lub szkodami, kt\u00f3re mog\u0105 wynikn\u0105\u0107 z naruszenia niniejszego o\u015bwiadczenia.<\/p>\n\n<p>Zach\u0119camy wszystkich u\u017cytkownik\u00f3w do podj\u0119cia dodatkowych \u015brodk\u00f3w ochronnych, takich jak u\u017cywanie silnych hase\u0142 i ochrona swoich urz\u0105dze\u0144 za pomoc\u0105 najnowszych aktualizacji zabezpiecze\u0144.<\/p>\n","protected":false},"excerpt":{"rendered":"<p>Korzystamy z najnowocze\u015bniejszych technologii i procedur bezpiecze\u0144stwa, aby zapewni\u0107, \u017ce gromadzone przez nas dane s\u0105 chronione przed nieuprawnionym dost\u0119pem, ujawnieniem, zmian\u0105 i zniszczeniem. Chocia\u017c dok\u0142adamy wszelkich stara\u0144, aby utrzyma\u0107 najwy\u017cszy poziom bezpiecze\u0144stwa, nale\u017cy pami\u0119ta\u0107, \u017ce \u017cadna metoda transmisji przez Internet ani metoda elektronicznego przechowywania danych nie jest ca\u0142kowicie bezpieczna. Chocia\u017c dok\u0142adamy wszelkich stara\u0144, aby zapewni\u0107&#8230;<\/p>\n","protected":false},"author":1,"featured_media":0,"parent":0,"menu_order":0,"comment_status":"closed","ping_status":"closed","template":"","meta":{"_acf_changed":false,"_kad_post_transparent":"","_kad_post_title":"","_kad_post_layout":"narrow","_kad_post_sidebar_id":"","_kad_post_content_style":"","_kad_post_vertical_padding":"","_kad_post_feature":"","_kad_post_feature_position":"","_kad_post_header":false,"_kad_post_footer":false,"footnotes":""},"class_list":["post-7605","page","type-page","status-publish","hentry"],"acf":[],"_links":{"self":[{"href":"https:\/\/cahou.com\/pl\/wp-json\/wp\/v2\/pages\/7605","targetHints":{"allow":["GET"]}}],"collection":[{"href":"https:\/\/cahou.com\/pl\/wp-json\/wp\/v2\/pages"}],"about":[{"href":"https:\/\/cahou.com\/pl\/wp-json\/wp\/v2\/types\/page"}],"author":[{"embeddable":true,"href":"https:\/\/cahou.com\/pl\/wp-json\/wp\/v2\/users\/1"}],"replies":[{"embeddable":true,"href":"https:\/\/cahou.com\/pl\/wp-json\/wp\/v2\/comments?post=7605"}],"version-history":[{"count":2,"href":"https:\/\/cahou.com\/pl\/wp-json\/wp\/v2\/pages\/7605\/revisions"}],"predecessor-version":[{"id":7615,"href":"https:\/\/cahou.com\/pl\/wp-json\/wp\/v2\/pages\/7605\/revisions\/7615"}],"wp:attachment":[{"href":"https:\/\/cahou.com\/pl\/wp-json\/wp\/v2\/media?parent=7605"}],"curies":[{"name":"wp","href":"https:\/\/api.w.org\/{rel}","templated":true}]}}