{"id":7613,"date":"2024-06-26T14:40:44","date_gmt":"2024-06-26T14:40:44","guid":{"rendered":"https:\/\/cahou.com\/veri-guevenligi-ve-sorumluluk-reddi\/"},"modified":"2025-04-29T15:35:58","modified_gmt":"2025-04-29T15:35:58","slug":"veri-guevenligi-ve-sorumluluk-reddi","status":"publish","type":"page","link":"https:\/\/cahou.com\/tr\/veri-guevenligi-ve-sorumluluk-reddi\/","title":{"rendered":"Veri g\u00fcvenli\u011fi ve sorumluluk reddi"},"content":{"rendered":"\n<p>Toplad\u0131\u011f\u0131m\u0131z verilerin yetkisiz eri\u015fim, if\u015fa, de\u011fi\u015ftirme ve yok edilmeden korunmas\u0131n\u0131 sa\u011flamak i\u00e7in en modern g\u00fcvenlik teknolojilerini ve y\u00f6ntemlerini kullan\u0131yoruz. En y\u00fcksek d\u00fczeyde g\u00fcvenli\u011fi sa\u011flamaya \u00e7al\u0131\u015fmam\u0131za ra\u011fmen, internet \u00fczerinden veri iletimi veya elektronik veri depolaman\u0131n hi\u00e7bir y\u00f6ntemi tamamen g\u00fcvenli de\u011fildir. Ki\u015fisel verilerinizi korumak i\u00e7in \u00e7aba g\u00f6stersek de, verilerinizin mutlak g\u00fcvenli\u011fini garanti edemeyiz.  <\/p>\n\n<h2 class=\"wp-block-heading\">Toplanan veriler ve bunlar\u0131n kullan\u0131m\u0131<\/h2>\n\n<p>Uygulamam\u0131z a\u015fa\u011f\u0131daki ki\u015fisel verileri toplayabilir:<\/p>\n\n<ul class=\"wp-block-list\">\n<li>Sa\u011fl\u0131k verileri (\u00f6rne\u011fin, fitness ve aktivite verileri),<\/li>\n\n\n\n<li>Cihaz bilgileri (\u00f6rne\u011fin, cihaz ID&#8217;si, i\u015fletim sistemi s\u00fcr\u00fcm\u00fc).<\/li>\n<\/ul>\n\n<p>Bu veriler yaln\u0131zca hizmetlerimizin sunulmas\u0131, geli\u015ftirilmesi ve g\u00fcvence alt\u0131na al\u0131nmas\u0131 amac\u0131yla kullan\u0131lacakt\u0131r. \u00dc\u00e7\u00fcnc\u00fc \u015fah\u0131slara aktar\u0131m yaln\u0131zca a\u00e7\u0131k onay\u0131n\u0131zla yap\u0131lacakt\u0131r. <\/p>\n\n<h2 class=\"wp-block-heading\">Verilerin saklanmas\u0131<\/h2>\n\n<p>Ki\u015fisel verilerinizi, topland\u0131\u011f\u0131 ama\u00e7lar i\u00e7in gerekli oldu\u011fu s\u00fcrece veya yasal saklama s\u00fcreleri boyunca saklar\u0131z. Bu s\u00fcre sonunda verileriniz silinir veya anonimle\u015ftirilir. <\/p>\n\n<h2 class=\"wp-block-heading\">Verilerin silinmesi<\/h2>\n\n<p>Ki\u015fisel verilerinizin silinmesini istedi\u011finiz zaman talep edebilirsiniz. Bunun i\u00e7in uygulama veya web sitemizde belirtilen ileti\u015fim bilgileri arac\u0131l\u0131\u011f\u0131yla bizimle ileti\u015fime ge\u00e7ebilirsiniz. Talebinizin al\u0131nmas\u0131n\u0131n ard\u0131ndan, yasal saklama y\u00fck\u00fcml\u00fcl\u00fckleri engel te\u015fkil etmedi\u011fi s\u00fcrece verilerinizi 30 g\u00fcn i\u00e7inde sileriz.  <\/p>\n\n<h2 class=\"wp-block-heading\">Sorumluluk reddi<\/h2>\n\n<p>Hizmetimizi kullanarak, ki\u015fisel verilerinizi sa\u011flama i\u015fleminin kendi riskiniz alt\u0131nda oldu\u011funu kabul etmi\u015f olursunuz. Kontrol\u00fcm\u00fcz d\u0131\u015f\u0131ndaki durumlar nedeniyle verilerinizin kayb\u0131 veya k\u00f6t\u00fcye kullan\u0131m\u0131 ile ilgili olarak sorumluluk kabul etmiyoruz. <\/p>\n\n<p>Verilerini g\u00f6n\u00fcll\u00fc olarak sa\u011flayan kullan\u0131c\u0131lar, yukar\u0131da belirtilen riskleri kabul eder ve bu beyan\u0131n ihlali nedeniyle ortaya \u00e7\u0131kabilecek her t\u00fcrl\u00fc talep veya zarara kar\u015f\u0131 bizi tazmin etmeyi ve zarars\u0131z tutmay\u0131 kabul ederler.<\/p>\n\n<p>T\u00fcm kullan\u0131c\u0131lar\u0131, g\u00fcvenli parolalar kullanmak ve cihazlar\u0131n\u0131 g\u00fcncel g\u00fcvenlik g\u00fcncellemeleri ile korumak gibi ek koruma \u00f6nlemleri almaya te\u015fvik ediyoruz.<\/p>\n","protected":false},"excerpt":{"rendered":"<p>Toplad\u0131\u011f\u0131m\u0131z verilerin yetkisiz eri\u015fim, if\u015fa, de\u011fi\u015ftirme ve yok edilmeden korunmas\u0131n\u0131 sa\u011flamak i\u00e7in en modern g\u00fcvenlik teknolojilerini ve y\u00f6ntemlerini kullan\u0131yoruz. En y\u00fcksek d\u00fczeyde g\u00fcvenli\u011fi sa\u011flamaya \u00e7al\u0131\u015fmam\u0131za ra\u011fmen, internet \u00fczerinden veri iletimi veya elektronik veri depolaman\u0131n hi\u00e7bir y\u00f6ntemi tamamen g\u00fcvenli de\u011fildir. Ki\u015fisel verilerinizi korumak i\u00e7in \u00e7aba g\u00f6stersek de, verilerinizin mutlak g\u00fcvenli\u011fini garanti edemeyiz. Toplanan veriler ve bunlar\u0131n&#8230;<\/p>\n","protected":false},"author":1,"featured_media":0,"parent":0,"menu_order":0,"comment_status":"closed","ping_status":"closed","template":"","meta":{"_acf_changed":false,"_kad_post_transparent":"","_kad_post_title":"","_kad_post_layout":"narrow","_kad_post_sidebar_id":"","_kad_post_content_style":"","_kad_post_vertical_padding":"","_kad_post_feature":"","_kad_post_feature_position":"","_kad_post_header":false,"_kad_post_footer":false,"footnotes":""},"class_list":["post-7613","page","type-page","status-publish","hentry"],"acf":[],"_links":{"self":[{"href":"https:\/\/cahou.com\/tr\/wp-json\/wp\/v2\/pages\/7613","targetHints":{"allow":["GET"]}}],"collection":[{"href":"https:\/\/cahou.com\/tr\/wp-json\/wp\/v2\/pages"}],"about":[{"href":"https:\/\/cahou.com\/tr\/wp-json\/wp\/v2\/types\/page"}],"author":[{"embeddable":true,"href":"https:\/\/cahou.com\/tr\/wp-json\/wp\/v2\/users\/1"}],"replies":[{"embeddable":true,"href":"https:\/\/cahou.com\/tr\/wp-json\/wp\/v2\/comments?post=7613"}],"version-history":[{"count":2,"href":"https:\/\/cahou.com\/tr\/wp-json\/wp\/v2\/pages\/7613\/revisions"}],"predecessor-version":[{"id":7620,"href":"https:\/\/cahou.com\/tr\/wp-json\/wp\/v2\/pages\/7613\/revisions\/7620"}],"wp:attachment":[{"href":"https:\/\/cahou.com\/tr\/wp-json\/wp\/v2\/media?parent=7613"}],"curies":[{"name":"wp","href":"https:\/\/api.w.org\/{rel}","templated":true}]}}